{"id":659,"date":"2023-12-26T22:32:30","date_gmt":"2023-12-26T22:32:30","guid":{"rendered":"http:\/\/box5119.temp.domains\/~carmelk4\/?page_id=659"},"modified":"2024-09-19T16:50:24","modified_gmt":"2024-09-19T16:50:24","slug":"book-donations","status":"publish","type":"page","link":"https:\/\/carmelitanacollection.org\/es\/book-donations\/","title":{"rendered":"Donaci\u00f3n de libros"},"content":{"rendered":"<div data-elementor-type=\"wp-page\" data-elementor-id=\"659\" class=\"elementor elementor-659\" data-elementor-post-type=\"page\">\n\t\t\t\t\t\t<section class=\"elementor-section elementor-top-section elementor-element elementor-element-70a6abb elementor-section-boxed elementor-section-height-default elementor-section-height-default\" data-id=\"70a6abb\" data-element_type=\"section\" data-e-type=\"section\">\n\t\t\t\t\t\t<div class=\"elementor-container elementor-column-gap-default\">\n\t\t\t\t\t<div class=\"elementor-column elementor-col-50 elementor-top-column elementor-element elementor-element-19f47c7\" data-id=\"19f47c7\" data-element_type=\"column\" data-e-type=\"column\">\n\t\t\t<div class=\"elementor-widget-wrap elementor-element-populated\">\n\t\t\t\t\t\t<div class=\"elementor-element elementor-element-fe2a135 elementor-widget elementor-widget-heading\" data-id=\"fe2a135\" data-element_type=\"widget\" data-e-type=\"widget\" data-widget_type=\"heading.default\">\n\t\t\t\t<div class=\"elementor-widget-container\">\n\t\t\t\t\t<h2 class=\"elementor-heading-title elementor-size-default\">Donaci\u00f3n de libros<\/h2>\t\t\t\t<\/div>\n\t\t\t\t<\/div>\n\t\t\t\t<div class=\"elementor-element elementor-element-59e2911 elementor-widget elementor-widget-text-editor\" data-id=\"59e2911\" data-element_type=\"widget\" data-e-type=\"widget\" data-widget_type=\"text-editor.default\">\n\t\t\t\t<div class=\"elementor-widget-container\">\n\t\t\t\t\t\t\t\t\t<p>La Colecci\u00f3n Carmelitana adquiere libros y otros materiales sobre autores y temas carmelitas. Agradecemos las ofertas de donaciones a la biblioteca para ayudar a su crecimiento. Rogamos a los posibles donantes que consulten nuestro cat\u00e1logo en l\u00ednea y remitan al bibliotecario de la Colecci\u00f3n una lista de los art\u00edculos que no se encuentren en \u00e9l. Ser\u00e1 \u00fatil disponer del autor y t\u00edtulo de cada obra, la edici\u00f3n y a\u00f1o de publicaci\u00f3n, y el ISBN.<\/p><p>Es importante que los materiales est\u00e9n en buen estado y se hayan almacenado en condiciones ambientales que impidan que tengan moho.<\/p><p>Cuando el personal reciba la lista, determinar\u00e1 qu\u00e9 art\u00edculos aceptar. Una vez recibidos, la Colecci\u00f3n asumir\u00e1 la propiedad de los materiales y determinar\u00e1 c\u00f3mo se utilizar\u00e1n y mantendr\u00e1n.<\/p>\t\t\t\t\t\t\t\t<\/div>\n\t\t\t\t<\/div>\n\t\t\t\t<div class=\"elementor-element elementor-element-24d37a9 elementor-hidden-mobile elementor-widget elementor-widget-text-editor\" data-id=\"24d37a9\" data-element_type=\"widget\" data-e-type=\"widget\" data-widget_type=\"text-editor.default\">\n\t\t\t\t<div class=\"elementor-widget-container\">\n\t\t\t\t\t\t\t\t\t<p><strong><em>San Juan de la Cruz<\/em><\/strong><br \/>Francisco Antonio Gij\u00f3n<br \/>1675<br \/>Cortes\u00eda de la Galer\u00eda Nacional de Arte de Washington<\/p>\t\t\t\t\t\t\t\t<\/div>\n\t\t\t\t<\/div>\n\t\t\t\t<div class=\"elementor-element elementor-element-8e0d5f9 elementor-hidden-mobile elementor-widget elementor-widget-image\" data-id=\"8e0d5f9\" data-element_type=\"widget\" data-e-type=\"widget\" data-widget_type=\"image.default\">\n\t\t\t\t<div class=\"elementor-widget-container\">\n\t\t\t\t\t\t\t\t\t\t\t\t\t\t\t<img fetchpriority=\"high\" decoding=\"async\" width=\"702\" height=\"1000\" src=\"http:\/\/carmelitanacollection.org\/wp-content\/uploads\/2024\/01\/saint_john_of_the_cross_san_juan_de_la_cruz_2003.124.1-1.jpg\" class=\"attachment-large size-large wp-image-724\" alt=\"\" srcset=\"http:\/\/carmelitanacollection.org\/wp-content\/uploads\/2024\/01\/saint_john_of_the_cross_san_juan_de_la_cruz_2003.124.1-1.jpg 702w, http:\/\/carmelitanacollection.org\/wp-content\/uploads\/2024\/01\/saint_john_of_the_cross_san_juan_de_la_cruz_2003.124.1-1-211x300.jpg 211w\" sizes=\"(max-width: 702px) 100vw, 702px\" \/>\t\t\t\t\t\t\t\t\t\t\t\t\t\t\t<\/div>\n\t\t\t\t<\/div>\n\t\t\t\t\t<\/div>\n\t\t<\/div>\n\t\t\t\t<div class=\"elementor-column elementor-col-50 elementor-top-column elementor-element elementor-element-2df2117\" data-id=\"2df2117\" data-element_type=\"column\" data-e-type=\"column\">\n\t\t\t<div class=\"elementor-widget-wrap elementor-element-populated\">\n\t\t\t\t\t\t<div class=\"elementor-element elementor-element-d318e95 elementor-widget elementor-widget-html\" data-id=\"d318e95\" data-element_type=\"widget\" data-e-type=\"widget\" data-widget_type=\"html.default\">\n\t\t\t\t<div class=\"elementor-widget-container\">\n\t\t\t\t\t<script type=\"text\/javascript\" src=\"https:\/\/form.jotform.com\/jsform\/233596435347061\"><\/script>\t\t\t\t<\/div>\n\t\t\t\t<\/div>\n\t\t\t\t<div class=\"elementor-element elementor-element-1e357da elementor-hidden-desktop elementor-widget elementor-widget-text-editor\" data-id=\"1e357da\" data-element_type=\"widget\" data-e-type=\"widget\" data-widget_type=\"text-editor.default\">\n\t\t\t\t<div class=\"elementor-widget-container\">\n\t\t\t\t\t\t\t\t\t<p><strong><em>San Juan de la Cruz<\/em><\/strong><br \/>Francisco Antonio Gij\u00f3n<br \/>1675<br \/>Cortes\u00eda de la Galer\u00eda Nacional de Arte de Washington<\/p>\t\t\t\t\t\t\t\t<\/div>\n\t\t\t\t<\/div>\n\t\t\t\t<div class=\"elementor-element elementor-element-a0a08da elementor-hidden-desktop elementor-widget elementor-widget-image\" data-id=\"a0a08da\" data-element_type=\"widget\" data-e-type=\"widget\" data-widget_type=\"image.default\">\n\t\t\t\t<div class=\"elementor-widget-container\">\n\t\t\t\t\t\t\t\t\t\t\t\t\t\t\t<img fetchpriority=\"high\" decoding=\"async\" width=\"702\" height=\"1000\" src=\"http:\/\/carmelitanacollection.org\/wp-content\/uploads\/2024\/01\/saint_john_of_the_cross_san_juan_de_la_cruz_2003.124.1-1.jpg\" class=\"attachment-large size-large wp-image-724\" alt=\"\" srcset=\"http:\/\/carmelitanacollection.org\/wp-content\/uploads\/2024\/01\/saint_john_of_the_cross_san_juan_de_la_cruz_2003.124.1-1.jpg 702w, http:\/\/carmelitanacollection.org\/wp-content\/uploads\/2024\/01\/saint_john_of_the_cross_san_juan_de_la_cruz_2003.124.1-1-211x300.jpg 211w\" sizes=\"(max-width: 702px) 100vw, 702px\" \/>\t\t\t\t\t\t\t\t\t\t\t\t\t\t\t<\/div>\n\t\t\t\t<\/div>\n\t\t\t\t\t<\/div>\n\t\t<\/div>\n\t\t\t\t\t<\/div>\n\t\t<\/section>\n\t\t\t\t<\/div>","protected":false},"excerpt":{"rendered":"<p>Book Donations The Carmelitana Collection acquires books and other materials on Carmelite authors and subjects. We are grateful for offers of donations to the library to assist in its growth. We request potential donors to check our online catalog and summit a list to the Collection\u2019s librarian of items not found there. It will be [&hellip;]<\/p>\n","protected":false},"author":3,"featured_media":0,"parent":0,"menu_order":0,"comment_status":"closed","ping_status":"closed","template":"","meta":{"_analytify_skip_tracking":false,"footnotes":""},"class_list":["post-659","page","type-page","status-publish","hentry"],"aioseo_notices":[],"_links":{"self":[{"href":"https:\/\/carmelitanacollection.org\/es\/wp-json\/wp\/v2\/pages\/659","targetHints":{"allow":["GET"]}}],"collection":[{"href":"https:\/\/carmelitanacollection.org\/es\/wp-json\/wp\/v2\/pages"}],"about":[{"href":"https:\/\/carmelitanacollection.org\/es\/wp-json\/wp\/v2\/types\/page"}],"author":[{"embeddable":true,"href":"https:\/\/carmelitanacollection.org\/es\/wp-json\/wp\/v2\/users\/3"}],"replies":[{"embeddable":true,"href":"https:\/\/carmelitanacollection.org\/es\/wp-json\/wp\/v2\/comments?post=659"}],"version-history":[{"count":20,"href":"https:\/\/carmelitanacollection.org\/es\/wp-json\/wp\/v2\/pages\/659\/revisions"}],"predecessor-version":[{"id":1655,"href":"https:\/\/carmelitanacollection.org\/es\/wp-json\/wp\/v2\/pages\/659\/revisions\/1655"}],"wp:attachment":[{"href":"https:\/\/carmelitanacollection.org\/es\/wp-json\/wp\/v2\/media?parent=659"}],"curies":[{"name":"wp","href":"https:\/\/api.w.org\/{rel}","templated":true}]}}