{"id":567,"date":"2023-08-16T20:07:34","date_gmt":"2023-08-16T20:07:34","guid":{"rendered":"http:\/\/box5119.temp.domains\/~carmelk4\/?page_id=567"},"modified":"2026-05-14T16:15:39","modified_gmt":"2026-05-14T16:15:39","slug":"digital-resources","status":"publish","type":"page","link":"https:\/\/carmelitanacollection.org\/es\/digital-resources\/","title":{"rendered":"Recursos digitales"},"content":{"rendered":"<div data-elementor-type=\"wp-page\" data-elementor-id=\"567\" class=\"elementor elementor-567\" data-elementor-post-type=\"page\">\n\t\t\t\t\t\t<section class=\"elementor-section elementor-top-section elementor-element elementor-element-1592f5e elementor-section-boxed elementor-section-height-default elementor-section-height-default\" data-id=\"1592f5e\" data-element_type=\"section\" data-e-type=\"section\">\n\t\t\t\t\t\t<div class=\"elementor-container elementor-column-gap-default\">\n\t\t\t\t\t<div class=\"elementor-column elementor-col-100 elementor-top-column elementor-element elementor-element-dd20b21\" data-id=\"dd20b21\" data-element_type=\"column\" data-e-type=\"column\">\n\t\t\t<div class=\"elementor-widget-wrap elementor-element-populated\">\n\t\t\t\t\t\t<div class=\"elementor-element elementor-element-118c380 elementor-widget elementor-widget-heading\" data-id=\"118c380\" data-element_type=\"widget\" data-e-type=\"widget\" data-widget_type=\"heading.default\">\n\t\t\t\t<div class=\"elementor-widget-container\">\n\t\t\t\t\t<h2 class=\"elementor-heading-title elementor-size-default\">Recursos digitales<\/h2>\t\t\t\t<\/div>\n\t\t\t\t<\/div>\n\t\t\t\t\t<\/div>\n\t\t<\/div>\n\t\t\t\t\t<\/div>\n\t\t<\/section>\n\t\t\t\t<section class=\"elementor-section elementor-top-section elementor-element elementor-element-5fb894d elementor-section-boxed elementor-section-height-default elementor-section-height-default\" data-id=\"5fb894d\" data-element_type=\"section\" data-e-type=\"section\">\n\t\t\t\t\t\t<div class=\"elementor-container elementor-column-gap-default\">\n\t\t\t\t\t<div class=\"elementor-column elementor-col-50 elementor-top-column elementor-element elementor-element-820b6b8\" data-id=\"820b6b8\" data-element_type=\"column\" data-e-type=\"column\" data-settings=\"{&quot;background_background&quot;:&quot;classic&quot;}\">\n\t\t\t<div class=\"elementor-widget-wrap elementor-element-populated\">\n\t\t\t\t\t\t<div class=\"elementor-element elementor-element-a0ee913 elementor-widget elementor-widget-text-editor\" data-id=\"a0ee913\" data-element_type=\"widget\" data-e-type=\"widget\" data-widget_type=\"text-editor.default\">\n\t\t\t\t<div class=\"elementor-widget-container\">\n\t\t\t\t\t\t\t\t\t<p>LIBROS DIGITALES<\/p>\t\t\t\t\t\t\t\t<\/div>\n\t\t\t\t<\/div>\n\t\t\t\t<div class=\"elementor-element elementor-element-1f09af0 elementor-widget elementor-widget-text-editor\" data-id=\"1f09af0\" data-element_type=\"widget\" data-e-type=\"widget\" data-widget_type=\"text-editor.default\">\n\t\t\t\t<div class=\"elementor-widget-container\">\n\t\t\t\t\t\t\t\t\t<p>A continuaci\u00f3n encontrar\u00e1 copias digitales de la obra de Arnold van Westerhout \"<a href=\"http:\/\/76i.fba.mytemp.website\/vita-effigiata\/\">Vita Effigiata<\/a>con grabados de la vida de Teresa, una carmelita del siglo XV\".<a href=\"https:\/\/carmelitanacollection.org\/es\/book-of-hours\/\">Libro de Horas<\/a>y \"<a href=\"http:\/\/76i.fba.mytemp.website\/the-speculum-carmelitanum\/\">El Speculum Carmelitanum<\/a>.\u201d<\/p>\t\t\t\t\t\t\t\t<\/div>\n\t\t\t\t<\/div>\n\t\t\t\t<section class=\"elementor-section elementor-inner-section elementor-element elementor-element-4757ba2 elementor-section-boxed elementor-section-height-default elementor-section-height-default\" data-id=\"4757ba2\" data-element_type=\"section\" data-e-type=\"section\">\n\t\t\t\t\t\t<div class=\"elementor-container elementor-column-gap-default\">\n\t\t\t\t\t<div class=\"elementor-column elementor-col-50 elementor-inner-column elementor-element elementor-element-02f6db5\" data-id=\"02f6db5\" data-element_type=\"column\" data-e-type=\"column\">\n\t\t\t<div class=\"elementor-widget-wrap elementor-element-populated\">\n\t\t\t\t\t\t<div class=\"elementor-element elementor-element-4fb722d elementor-widget elementor-widget-text-editor\" data-id=\"4fb722d\" data-element_type=\"widget\" data-e-type=\"widget\" data-widget_type=\"text-editor.default\">\n\t\t\t\t<div class=\"elementor-widget-container\">\n\t\t\t\t\t\t\t\t\t<p><a href=\"http:\/\/76i.fba.mytemp.website\/vita-effigiata\/\" data-wplink-edit=\"true\"><strong>Vita Effigiata<\/strong><\/a><\/p>\t\t\t\t\t\t\t\t<\/div>\n\t\t\t\t<\/div>\n\t\t\t\t<div class=\"elementor-element elementor-element-b709f01 elementor-widget elementor-widget-image\" data-id=\"b709f01\" data-element_type=\"widget\" data-e-type=\"widget\" data-widget_type=\"image.default\">\n\t\t\t\t<div class=\"elementor-widget-container\">\n\t\t\t\t\t\t\t\t\t\t\t\t\t\t\t\t<a href=\"http:\/\/76i.fba.mytemp.website\/vita-effigiata\/\">\n\t\t\t\t\t\t\t<img fetchpriority=\"high\" decoding=\"async\" width=\"373\" height=\"522\" src=\"https:\/\/carmelitanacollection.org\/wp-content\/uploads\/2024\/04\/Screenshot-2024-04-26-at-11.23.38\u202fAM.png\" class=\"attachment-large size-large wp-image-1355\" alt=\"\" srcset=\"https:\/\/carmelitanacollection.org\/wp-content\/uploads\/2024\/04\/Screenshot-2024-04-26-at-11.23.38\u202fAM.png 373w, https:\/\/carmelitanacollection.org\/wp-content\/uploads\/2024\/04\/Screenshot-2024-04-26-at-11.23.38\u202fAM-214x300.png 214w\" sizes=\"(max-width: 373px) 100vw, 373px\" \/>\t\t\t\t\t\t\t\t<\/a>\n\t\t\t\t\t\t\t\t\t\t\t\t\t\t\t<\/div>\n\t\t\t\t<\/div>\n\t\t\t\t\t<\/div>\n\t\t<\/div>\n\t\t\t\t<div class=\"elementor-column elementor-col-50 elementor-inner-column elementor-element elementor-element-3f6ea79\" data-id=\"3f6ea79\" data-element_type=\"column\" data-e-type=\"column\">\n\t\t\t<div class=\"elementor-widget-wrap elementor-element-populated\">\n\t\t\t\t\t\t<div class=\"elementor-element elementor-element-05e1ad6 elementor-widget elementor-widget-text-editor\" data-id=\"05e1ad6\" data-element_type=\"widget\" data-e-type=\"widget\" data-widget_type=\"text-editor.default\">\n\t\t\t\t<div class=\"elementor-widget-container\">\n\t\t\t\t\t\t\t\t\t<p><a href=\"https:\/\/carmelitanacollection.org\/es\/book-of-hours\/\"><strong>Libro de Horas<\/strong><\/a><\/p>\t\t\t\t\t\t\t\t<\/div>\n\t\t\t\t<\/div>\n\t\t\t\t<div class=\"elementor-element elementor-element-8ec89b7 elementor-widget elementor-widget-image\" data-id=\"8ec89b7\" data-element_type=\"widget\" data-e-type=\"widget\" data-widget_type=\"image.default\">\n\t\t\t\t<div class=\"elementor-widget-container\">\n\t\t\t\t\t\t\t\t\t\t\t\t\t\t\t\t<a href=\"https:\/\/carmelitanacollection.org\/es\/book-of-hours\/\">\n\t\t\t\t\t\t\t<img decoding=\"async\" width=\"396\" height=\"522\" src=\"https:\/\/carmelitanacollection.org\/wp-content\/uploads\/2024\/04\/Screenshot-2024-04-26-at-11.25.42\u202fAM.png\" class=\"attachment-large size-large wp-image-1354\" alt=\"\" srcset=\"https:\/\/carmelitanacollection.org\/wp-content\/uploads\/2024\/04\/Screenshot-2024-04-26-at-11.25.42\u202fAM.png 396w, https:\/\/carmelitanacollection.org\/wp-content\/uploads\/2024\/04\/Screenshot-2024-04-26-at-11.25.42\u202fAM-228x300.png 228w\" sizes=\"(max-width: 396px) 100vw, 396px\" \/>\t\t\t\t\t\t\t\t<\/a>\n\t\t\t\t\t\t\t\t\t\t\t\t\t\t\t<\/div>\n\t\t\t\t<\/div>\n\t\t\t\t\t<\/div>\n\t\t<\/div>\n\t\t\t\t\t<\/div>\n\t\t<\/section>\n\t\t\t\t<div class=\"elementor-element elementor-element-8ccd1f5 elementor-widget elementor-widget-text-editor\" data-id=\"8ccd1f5\" data-element_type=\"widget\" data-e-type=\"widget\" data-widget_type=\"text-editor.default\">\n\t\t\t\t<div class=\"elementor-widget-container\">\n\t\t\t\t\t\t\t\t\t<hr \/><p style=\"text-align: center;\"><strong>Portada<br \/><\/strong><em><strong>Speculum Carmelitanum: sive, historia Eliani Ordinis Fratrum <\/strong><\/em><br \/><em><strong>Beatissimae Virginis Mariae de Monte Carmelo<\/strong><\/em><br \/>Daniel a Virgine Maria, O.Carm., 1615-1678<br \/>1680<\/p>\t\t\t\t\t\t\t\t<\/div>\n\t\t\t\t<\/div>\n\t\t\t\t<div class=\"elementor-element elementor-element-96d9455 elementor-widget elementor-widget-image\" data-id=\"96d9455\" data-element_type=\"widget\" data-e-type=\"widget\" data-widget_type=\"image.default\">\n\t\t\t\t<div class=\"elementor-widget-container\">\n\t\t\t\t\t\t\t\t\t\t\t\t\t\t\t\t<a href=\"http:\/\/76i.fba.mytemp.website\/the-speculum-carmelitanum\/\">\n\t\t\t\t\t\t\t<img decoding=\"async\" width=\"614\" height=\"1010\" src=\"https:\/\/carmelitanacollection.org\/wp-content\/uploads\/2024\/04\/Speculum_crop.jpeg\" class=\"attachment-large size-large wp-image-1230\" alt=\"\" srcset=\"https:\/\/carmelitanacollection.org\/wp-content\/uploads\/2024\/04\/Speculum_crop.jpeg 614w, https:\/\/carmelitanacollection.org\/wp-content\/uploads\/2024\/04\/Speculum_crop-182x300.jpeg 182w\" sizes=\"(max-width: 614px) 100vw, 614px\" \/>\t\t\t\t\t\t\t\t<\/a>\n\t\t\t\t\t\t\t\t\t\t\t\t\t\t\t<\/div>\n\t\t\t\t<\/div>\n\t\t\t\t\t<\/div>\n\t\t<\/div>\n\t\t\t\t<div class=\"elementor-column elementor-col-50 elementor-top-column elementor-element elementor-element-98ffc59\" data-id=\"98ffc59\" data-element_type=\"column\" data-e-type=\"column\">\n\t\t\t<div class=\"elementor-widget-wrap elementor-element-populated\">\n\t\t\t\t\t\t<div class=\"elementor-element elementor-element-ec14da8 elementor-widget elementor-widget-text-editor\" data-id=\"ec14da8\" data-element_type=\"widget\" data-e-type=\"widget\" data-widget_type=\"text-editor.default\">\n\t\t\t\t<div class=\"elementor-widget-container\">\n\t\t\t\t\t\t\t\t\t<p>ART\u00cdCULOS de <a href=\"http:\/\/76i.fba.mytemp.website\/fr-ernest-e-larkin\/\">P. Ernest E. Larkin, O.Carm.<\/a><\/p>\t\t\t\t\t\t\t\t<\/div>\n\t\t\t\t<\/div>\n\t\t\t\t<section class=\"elementor-section elementor-inner-section elementor-element elementor-element-931a0aa elementor-section-boxed elementor-section-height-default elementor-section-height-default\" data-id=\"931a0aa\" data-element_type=\"section\" data-e-type=\"section\">\n\t\t\t\t\t\t<div class=\"elementor-container elementor-column-gap-default\">\n\t\t\t\t\t<div class=\"elementor-column elementor-col-50 elementor-inner-column elementor-element elementor-element-d651b9f\" data-id=\"d651b9f\" data-element_type=\"column\" data-e-type=\"column\">\n\t\t\t<div class=\"elementor-widget-wrap elementor-element-populated\">\n\t\t\t\t\t\t<div class=\"elementor-element elementor-element-f2b8a2c elementor-widget elementor-widget-text-editor\" data-id=\"f2b8a2c\" data-element_type=\"widget\" data-e-type=\"widget\" data-widget_type=\"text-editor.default\">\n\t\t\t\t<div class=\"elementor-widget-container\">\n\t\t\t\t\t\t\t\t\t<p><a href=\"http:\/\/76i.fba.mytemp.website\/precis-of-published-articles\/\">Resumen de art\u00edculos publicados<\/a><br \/><a href=\"http:\/\/76i.fba.mytemp.website\/alphabetical-listing\/\">Listado alfab\u00e9tico<\/a><br \/><a href=\"http:\/\/76i.fba.mytemp.website\/chronological-list\/\">Lista cronol\u00f3gica<\/a><\/p>\t\t\t\t\t\t\t\t<\/div>\n\t\t\t\t<\/div>\n\t\t\t\t\t<\/div>\n\t\t<\/div>\n\t\t\t\t<div class=\"elementor-column elementor-col-50 elementor-inner-column elementor-element elementor-element-df47a8e\" data-id=\"df47a8e\" data-element_type=\"column\" data-e-type=\"column\">\n\t\t\t<div class=\"elementor-widget-wrap elementor-element-populated\">\n\t\t\t\t\t\t<div class=\"elementor-element elementor-element-ab0539a elementor-widget elementor-widget-text-editor\" data-id=\"ab0539a\" data-element_type=\"widget\" data-e-type=\"widget\" data-widget_type=\"text-editor.default\">\n\t\t\t\t<div class=\"elementor-widget-container\">\n\t\t\t\t\t\t\t\t\t<p><a href=\"http:\/\/76i.fba.mytemp.website\/bibliography-of-larkin-collection\/\">Bibliograf\u00eda de la Colecci\u00f3n Larkin<\/a><br \/><a href=\"http:\/\/76i.fba.mytemp.website\/additional-writings\/\">Escritos adicionales<\/a><br \/><a href=\"http:\/\/76i.fba.mytemp.website\/tape-video-listing\/\">Lista de cintas y v\u00eddeos<\/a><\/p>\t\t\t\t\t\t\t\t<\/div>\n\t\t\t\t<\/div>\n\t\t\t\t\t<\/div>\n\t\t<\/div>\n\t\t\t\t\t<\/div>\n\t\t<\/section>\n\t\t\t\t<section class=\"elementor-section elementor-inner-section elementor-element elementor-element-6681665 elementor-section-boxed elementor-section-height-default elementor-section-height-default\" data-id=\"6681665\" data-element_type=\"section\" data-e-type=\"section\">\n\t\t\t\t\t\t<div class=\"elementor-container elementor-column-gap-default\">\n\t\t\t\t\t<div class=\"elementor-column elementor-col-100 elementor-inner-column elementor-element elementor-element-fc0b926\" data-id=\"fc0b926\" data-element_type=\"column\" data-e-type=\"column\">\n\t\t\t<div class=\"elementor-widget-wrap elementor-element-populated\">\n\t\t\t\t\t\t<div class=\"elementor-element elementor-element-8d57762 elementor-widget elementor-widget-text-editor\" data-id=\"8d57762\" data-element_type=\"widget\" data-e-type=\"widget\" data-widget_type=\"text-editor.default\">\n\t\t\t\t<div class=\"elementor-widget-container\">\n\t\t\t\t\t\t\t\t\t<p>Utilice el icono \u201cBuscar\u201d en cada documento para encontrar r\u00e1pidamente palabras clave.\u00a0<\/p><p><img loading=\"lazy\" decoding=\"async\" class=\"aligncenter wp-image-2311\" src=\"http:\/\/76i.fba.mytemp.website\/wp-content\/uploads\/2025\/12\/Screenshot-2025-12-30-at-8.56.23-PM.png\" alt=\"\" width=\"498\" height=\"55\" srcset=\"https:\/\/carmelitanacollection.org\/wp-content\/uploads\/2025\/12\/Screenshot-2025-12-30-at-8.56.23-PM.png 779w, https:\/\/carmelitanacollection.org\/wp-content\/uploads\/2025\/12\/Screenshot-2025-12-30-at-8.56.23-PM-300x33.png 300w, https:\/\/carmelitanacollection.org\/wp-content\/uploads\/2025\/12\/Screenshot-2025-12-30-at-8.56.23-PM-768x85.png 768w, https:\/\/carmelitanacollection.org\/wp-content\/uploads\/2025\/12\/Screenshot-2025-12-30-at-8.56.23-PM-18x2.png 18w\" sizes=\"(max-width: 498px) 100vw, 498px\" \/><\/p>\t\t\t\t\t\t\t\t<\/div>\n\t\t\t\t<\/div>\n\t\t\t\t\t<\/div>\n\t\t<\/div>\n\t\t\t\t\t<\/div>\n\t\t<\/section>\n\t\t\t\t<section class=\"elementor-section elementor-inner-section elementor-element elementor-element-409e028 elementor-section-boxed elementor-section-height-default elementor-section-height-default\" data-id=\"409e028\" data-element_type=\"section\" data-e-type=\"section\">\n\t\t\t\t\t\t<div class=\"elementor-container elementor-column-gap-default\">\n\t\t\t\t\t<div class=\"elementor-column elementor-col-50 elementor-inner-column elementor-element elementor-element-b4e187e\" data-id=\"b4e187e\" data-element_type=\"column\" data-e-type=\"column\">\n\t\t\t<div class=\"elementor-widget-wrap elementor-element-populated\">\n\t\t\t\t\t\t<div class=\"elementor-element elementor-element-ca6b5c7 elementor-widget elementor-widget-text-editor\" data-id=\"ca6b5c7\" data-element_type=\"widget\" data-e-type=\"widget\" data-widget_type=\"text-editor.default\">\n\t\t\t\t<div class=\"elementor-widget-container\">\n\t\t\t\t\t\t\t\t\t<p>1) Amazing Grace<br \/>2) Ascetismo<br \/>3) El ascetismo en la vida moderna<br \/>4) La oraci\u00f3n aspiradora, una adici\u00f3n bienvenida<br \/>5) He aqu\u00ed a tu madre<br \/>6) La llamada del Carmelo<br \/><a href=\"http:\/\/76i.fba.mytemp.website\/carmelite-life-renewed\/\">7) Renovaci\u00f3n de la vida carmelita<\/a><br \/><a href=\"http:\/\/76i.fba.mytemp.website\/carmelite-lives-christian-p-ceroke\/\">8) Vidas Carmelitas: Christian P. Ceroke<\/a><br \/>9) Espiritualidad carmelita<br \/>10) Espiritualidad carmelita para un carmelita<br \/><a href=\"http:\/\/76i.fba.mytemp.website\/carmelite-spirituality-for-a-carmelite-sword\/\">11) Espiritualidad carmelita para un carmelita<\/a><br \/>12) La espiritualidad carmelita hoy<br \/><a href=\"http:\/\/76i.fba.mytemp.website\/carmelite-spirituality-today-scapular\/\">13) La espiritualidad carmelita hoy<\/a><br \/>14) Tradici\u00f3n carmelita y oraci\u00f3n centrada<br \/>15) Renovaci\u00f3n carism\u00e1tica y contemplaci\u00f3n<br \/><a href=\"http:\/\/76i.fba.mytemp.website\/christ-prayer\/\">16) Cristo y la oraci\u00f3n<\/a><br \/>17) Mindfulness cristiano<br \/>18) Celibato clerical<br \/>19) C\u00e1ntico espiritual: Juan de la Cruz<br \/>20) Oraci\u00f3n contemplativa: alma del apostolado<br \/>21) Formas de oraci\u00f3n contemplativa hoy en d\u00eda<br \/>22) La noche oscura de Juan de la Cruz<br \/>23) Desacralizaci\u00f3n y ascetismo<br \/>24) Espiritualidad del desierto<br \/>25) Discernimiento de esp\u00edritus<br \/>26) Vida emocional y desarrollo espiritual<br \/>27) \u00bfQu\u00e9 es la meditaci\u00f3n cristiana?<br \/>28) Experimentar a Dios<br \/>29) Oraci\u00f3n centrada en la meditaci\u00f3n cristiana<br \/>30) Pautas para el discernimiento<br \/><a href=\"http:\/\/76i.fba.mytemp.website\/homily-given-by-fr-larkin\/\">31) Homil\u00eda del padre Larkin<\/a><br \/><a href=\"http:\/\/76i.fba.mytemp.website\/human-relationships-in-st-teresa-of-avila\/\">32) Las relaciones humanas en Santa Teresa de \u00c1vila<\/a><br \/>33) \u00bfEst\u00e1 la oraci\u00f3n en peligro hoy en d\u00eda?<br \/>34) Jes\u00fas-Yo \/ Jes\u00fas-Nosotros<br \/>35) Juan de la Cruz: Uno como nosotros<br \/>36) El mensaje de Juan de la Cruz para hoy<br \/>37) El viaje de Teresa<br \/>38) Viaje hacia la oraci\u00f3n: Entrevista con el padre Larkin<br \/>39) Espiritualidad del Jubileo<br \/><a href=\"http:\/\/76i.fba.mytemp.website\/spiritual-theologian\/\">40) Te\u00f3logo espiritual<\/a><br \/><a href=\"http:\/\/76i.fba.mytemp.website\/kino-institute-a-new-venture\/\">41) Instituto Kino: una nueva iniciativa<\/a><br \/>42) El peque\u00f1o camino de Santa Teresa de Lisieux<br \/>43) El amor responde a la presencia (Parte 1)<br \/>44) El amor responde a la presencia (Parte 2)<br \/><a href=\"http:\/\/76i.fba.mytemp.website\/meet-st-mary-magdalen\/\">45) Conoce a Santa Mar\u00eda Magdalena<\/a><br \/>46) Un m\u00e9todo para leer cl\u00e1sicos espirituales<br \/><a href=\"http:\/\/76i.fba.mytemp.website\/methods-of-prayer\/\">47) M\u00e9todos de oraci\u00f3n<\/a><br \/>48) Misticismo y espiritualidad<br \/>49) Misticismo y literatura<\/p>\t\t\t\t\t\t\t\t<\/div>\n\t\t\t\t<\/div>\n\t\t\t\t\t<\/div>\n\t\t<\/div>\n\t\t\t\t<div class=\"elementor-column elementor-col-50 elementor-inner-column elementor-element elementor-element-0d5d80e\" data-id=\"0d5d80e\" data-element_type=\"column\" data-e-type=\"column\">\n\t\t\t<div class=\"elementor-widget-wrap elementor-element-populated\">\n\t\t\t\t\t\t<div class=\"elementor-element elementor-element-bafbc8f elementor-widget elementor-widget-text-editor\" data-id=\"bafbc8f\" data-element_type=\"widget\" data-e-type=\"widget\" data-widget_type=\"text-editor.default\">\n\t\t\t\t<div class=\"elementor-widget-container\">\n\t\t\t\t\t\t\t\t\t<p>50) Misticismo, verdadero y falso<br \/>51) Nuevos aspectos de la direcci\u00f3n espiritual<br \/><a href=\"http:\/\/76i.fba.mytemp.website\/new-seminarians-and-now-prayer\/\">52) Nuevos seminaristas y ahora oraci\u00f3n<\/a><br \/>53) Nota pastoral sobre el derribo en el Esp\u00edritu<br \/>54) Santa Mar\u00eda Magdalena De' Pazzi<br \/>55) La vida de oraci\u00f3n personal de Jes\u00fas<br \/>56) El lugar de la oraci\u00f3n en la comunidad<br \/>57) El lugar de la oraci\u00f3n en la vida comunitaria<br \/>58) La oraci\u00f3n como encuentro con el Dios trascendente<br \/>59) La oraci\u00f3n como experiencia de Dios<br \/><a href=\"http:\/\/76i.fba.mytemp.website\/prayer-as-presence\/\">60) La oraci\u00f3n como presencia<\/a><br \/>61) La oraci\u00f3n como presencia<br \/><a href=\"http:\/\/76i.fba.mytemp.website\/prayer-journey-of-john-of-the-cross\/\">62) El camino de oraci\u00f3n de San Juan de la Cruz<\/a><br \/>63) Espiritualidad sacerdotal<br \/>64) El problema de la oraci\u00f3n hoy en d\u00eda<br \/><a href=\"http:\/\/76i.fba.mytemp.website\/problems-of-the-common-life-living-together\/\">65) Problemas de la vida en com\u00fan<\/a><br \/>66) Reevaluaci\u00f3n de la vida religiosa<br \/><a href=\"http:\/\/76i.fba.mytemp.website\/religious-life-and-vatican-ii\/\">67) La vida religiosa y el Concilio Vaticano II<\/a><br \/>68) La vida religiosa a la luz del Concilio Vaticano II<br \/>69) Pobreza religiosa<br \/>70) La mujer religiosa, Dios y el mundo<br \/>71) Recuerdos de un amigo, un maestro...<br \/>72) El papel de las criaturas en la vida espiritual<br \/>73) Aspectos b\u00edblico-teol\u00f3gicos...<br \/>74) Aspectos b\u00edblico-teol\u00f3gicos (Revisi\u00f3n)<br \/>75) La b\u00fasqueda de la experiencia<br \/>76) La direcci\u00f3n espiritual hoy en d\u00eda<br \/>77) Pobreza espiritual<br \/>78) Lectura espiritual de \u201cNoche oscura\u201d<br \/>79) Espiritualidad cristiana<br \/>80) Espiritualidad impl\u00edcita en el Directorio<br \/>81) Espiritualidad de los religiosos \u2013 Vaticano II<br \/>82) Estructura y esp\u00edritu en la renovaci\u00f3n religiosa<br \/>83) Santa Teresa de \u00c1vila y la oraci\u00f3n centrada<br \/>84) Santa Teresa de \u00c1vila y la oraci\u00f3n<br \/>85) Santa Teresa de \u00c1vila y la liberaci\u00f3n de la mujer<br \/><a href=\"http:\/\/76i.fba.mytemp.website\/teresa-of-avila-my-lifetimes-quest\/\">86) Teresa de \u00c1vila: La b\u00fasqueda de mi vida<\/a><br \/>87) Teresa de \u00c1vila habla sobre la oraci\u00f3n mental<br \/>88) La oraci\u00f3n de Teresa: El amor crece...<br \/>89) La oraci\u00f3n de Teresa: Presencia en la ausencia<br \/>90) La oraci\u00f3n de Teresa: Prueba de fe...<br \/>91) Formas actuales de oraci\u00f3n contemplativa<br \/>92) Los tres caminos espirituales<br \/>93) Lo que hay que saber sobre el discernimiento<\/p><p>\u00a0<\/p>\t\t\t\t\t\t\t\t<\/div>\n\t\t\t\t<\/div>\n\t\t\t\t\t<\/div>\n\t\t<\/div>\n\t\t\t\t\t<\/div>\n\t\t<\/section>\n\t\t\t\t\t<\/div>\n\t\t<\/div>\n\t\t\t\t\t<\/div>\n\t\t<\/section>\n\t\t\t\t<\/div>","protected":false},"excerpt":{"rendered":"<p>Digital Resources DIGITAL BOOKS Below are digital copies of Arnold van Westerhout\u2019s \u201cVita Effigiata,\u201d with engravings of Teresa\u2019s life, a 15th Century Carmelite &#8220;Book of Hours,&#8221; and \u201cThe Speculum Carmelitanum.&#8221; Vita Effigiata Book of Hours Title PageSpeculum Carmelitanum: sive, historia Eliani Ordinis Fratrum Beatissimae Virginis Mariae de Monte CarmeloDaniel a Virgine Maria, O.Carm., 1615-16781680 ARTICLES [&hellip;]<\/p>\n","protected":false},"author":3,"featured_media":0,"parent":0,"menu_order":0,"comment_status":"closed","ping_status":"closed","template":"","meta":{"_analytify_skip_tracking":false,"footnotes":""},"class_list":["post-567","page","type-page","status-publish","hentry"],"aioseo_notices":[],"_links":{"self":[{"href":"https:\/\/carmelitanacollection.org\/es\/wp-json\/wp\/v2\/pages\/567","targetHints":{"allow":["GET"]}}],"collection":[{"href":"https:\/\/carmelitanacollection.org\/es\/wp-json\/wp\/v2\/pages"}],"about":[{"href":"https:\/\/carmelitanacollection.org\/es\/wp-json\/wp\/v2\/types\/page"}],"author":[{"embeddable":true,"href":"https:\/\/carmelitanacollection.org\/es\/wp-json\/wp\/v2\/users\/3"}],"replies":[{"embeddable":true,"href":"https:\/\/carmelitanacollection.org\/es\/wp-json\/wp\/v2\/comments?post=567"}],"version-history":[{"count":20,"href":"https:\/\/carmelitanacollection.org\/es\/wp-json\/wp\/v2\/pages\/567\/revisions"}],"predecessor-version":[{"id":3004,"href":"https:\/\/carmelitanacollection.org\/es\/wp-json\/wp\/v2\/pages\/567\/revisions\/3004"}],"wp:attachment":[{"href":"https:\/\/carmelitanacollection.org\/es\/wp-json\/wp\/v2\/media?parent=567"}],"curies":[{"name":"wp","href":"https:\/\/api.w.org\/{rel}","templated":true}]}}