{"id":23,"date":"2023-04-28T23:42:57","date_gmt":"2023-04-28T23:42:57","guid":{"rendered":"http:\/\/box5119.temp.domains\/~carmelk4\/?page_id=23"},"modified":"2025-02-12T20:45:33","modified_gmt":"2025-02-12T20:45:33","slug":"about","status":"publish","type":"page","link":"https:\/\/carmelitanacollection.org\/es\/about\/","title":{"rendered":"Acerca de"},"content":{"rendered":"<div data-elementor-type=\"wp-page\" data-elementor-id=\"23\" class=\"elementor elementor-23\" data-elementor-post-type=\"page\">\n\t\t\t\t\t\t<section class=\"elementor-section elementor-top-section elementor-element elementor-element-9dc43d3 elementor-section-boxed elementor-section-height-default elementor-section-height-default\" data-id=\"9dc43d3\" data-element_type=\"section\" data-e-type=\"section\">\n\t\t\t\t\t\t<div class=\"elementor-container elementor-column-gap-default\">\n\t\t\t\t\t<div class=\"elementor-column elementor-col-100 elementor-top-column elementor-element elementor-element-3a06453\" data-id=\"3a06453\" data-element_type=\"column\" data-e-type=\"column\">\n\t\t\t<div class=\"elementor-widget-wrap elementor-element-populated\">\n\t\t\t\t\t\t<div class=\"elementor-element elementor-element-d5e7019 elementor-widget elementor-widget-heading\" data-id=\"d5e7019\" data-element_type=\"widget\" data-e-type=\"widget\" data-widget_type=\"heading.default\">\n\t\t\t\t<div class=\"elementor-widget-container\">\n\t\t\t\t\t<h1 class=\"elementor-heading-title elementor-size-default\">La Colecci\u00f3n Carmelitana en\nWhitefriars Hall<\/h1>\t\t\t\t<\/div>\n\t\t\t\t<\/div>\n\t\t\t\t\t<\/div>\n\t\t<\/div>\n\t\t\t\t\t<\/div>\n\t\t<\/section>\n\t\t\t\t<section class=\"elementor-section elementor-top-section elementor-element elementor-element-174ae03 elementor-section-boxed elementor-section-height-default elementor-section-height-default\" data-id=\"174ae03\" data-element_type=\"section\" data-e-type=\"section\">\n\t\t\t\t\t\t<div class=\"elementor-container elementor-column-gap-default\">\n\t\t\t\t\t<div class=\"elementor-column elementor-col-50 elementor-top-column elementor-element elementor-element-d5288ba\" data-id=\"d5288ba\" data-element_type=\"column\" data-e-type=\"column\">\n\t\t\t<div class=\"elementor-widget-wrap elementor-element-populated\">\n\t\t\t\t\t\t<div class=\"elementor-element elementor-element-a262445 elementor-widget elementor-widget-text-editor\" data-id=\"a262445\" data-element_type=\"widget\" data-e-type=\"widget\" data-widget_type=\"text-editor.default\">\n\t\t\t\t<div class=\"elementor-widget-container\">\n\t\t\t\t\t\t\t\t\t<p>HISTORIA DE LA BIBLIOTECA<\/p>\t\t\t\t\t\t\t\t<\/div>\n\t\t\t\t<\/div>\n\t\t\t\t<div class=\"elementor-element elementor-element-67c5785 elementor-widget elementor-widget-text-editor\" data-id=\"67c5785\" data-element_type=\"widget\" data-e-type=\"widget\" data-widget_type=\"text-editor.default\">\n\t\t\t\t<div class=\"elementor-widget-container\">\n\t\t\t\t\t\t\t\t\t<p>La Colecci\u00f3n Carmelitana fue establecida despu\u00e9s de la Segunda Guerra Mundial en 1948 por el P. Joachim Smet, O.Carm., para proporcionar un sitio norteamericano correspondiente a la biblioteca principal de la Orden Carmelitana, que se encuentra en el Centro Internacional de Estudios en Roma. En los a\u00f1os siguientes, la biblioteca de Washington se ha ampliado hasta convertirse en la mejor colecci\u00f3n de materiales carmelitas del hemisferio occidental.<\/p><p>La Colecci\u00f3n Carmelitana, que cuenta en la actualidad con m\u00e1s de 15.000 t\u00edtulos, es una biblioteca de investigaci\u00f3n especializada en literatura relacionada con los estudios carmelitanos, con materiales que datan desde finales del siglo XV hasta el a\u00f1o en curso. En el interior de esta espaciosa y confortable biblioteca, los investigadores de todos los campos del estudio religioso encontrar\u00e1n materia sustantiva relevante para la tradici\u00f3n literaria y espiritual de la Orden Carmelita. Recursos sobre la literatura renacentista espa\u00f1ola, los mendicantes medievales, el canto gregoriano, la piedad americana del siglo XIX, la poes\u00eda latina, la predicaci\u00f3n barroca y la fenomenolog\u00eda del siglo XX son f\u00e1cilmente accesibles y est\u00e1n listos para el estudio. La Colecci\u00f3n tambi\u00e9n incluye art\u00edculos populares relacionados con la espiritualidad carmelita.<\/p>\t\t\t\t\t\t\t\t<\/div>\n\t\t\t\t<\/div>\n\t\t\t\t<div class=\"elementor-element elementor-element-8d7ed1e elementor-widget elementor-widget-text-editor\" data-id=\"8d7ed1e\" data-element_type=\"widget\" data-e-type=\"widget\" data-widget_type=\"text-editor.default\">\n\t\t\t\t<div class=\"elementor-widget-container\">\n\t\t\t\t\t\t\t\t\t<p>HISTORIA CARMELITA<\/p>\t\t\t\t\t\t\t\t<\/div>\n\t\t\t\t<\/div>\n\t\t\t\t<div class=\"elementor-element elementor-element-d17a3fb elementor-widget elementor-widget-text-editor\" data-id=\"d17a3fb\" data-element_type=\"widget\" data-e-type=\"widget\" data-widget_type=\"text-editor.default\">\n\t\t\t\t<div class=\"elementor-widget-container\">\n\t\t\t\t\t\t\t\t\t<p>Los Carmelitas tienen una larga tradici\u00f3n misionera, alimentada por su amplia migraci\u00f3n por todo el mundo. Los carmelitas medievales se extendieron desde Palestina a Chipre, Sicilia, Provenza, Catalu\u00f1a, y m\u00e1s all\u00e1 al mundo entonces conocido: Escandinavia, Inglaterra, Irlanda y el B\u00e1ltico. Generaciones posteriores de carmelitas fueron a los dominios portugueses, espa\u00f1oles y franceses en el Nuevo Mundo, a la Persia del siglo XVIII y a la India del siglo XIX. Muchos carmelitas llegaron a Am\u00e9rica despu\u00e9s de la Guerra de la Independencia y muchos fueron con los prisioneros irlandeses del siglo XIX camino de las colonias penales de Australia.<\/p><p>M\u00e1s recientemente, el Carmelo ha ido a las naciones africanas del Congo (Zaire) y Zimbabue, donde los frailes adoptaron una valiente postura contra los reg\u00edmenes racistas de la antigua Rodesia. Los carmelitas holandeses, durante mucho tiempo tremendos misioneros, han reforzado el Carmelo brasile\u00f1o y han llevado la tradici\u00f3n carmelita a Indonesia y Filipinas. Los carmelitas norteamericanos han servido en Per\u00fa durante muchos a\u00f1os y han abierto comunidades en El Salvador, M\u00e9xico, el sudeste asi\u00e1tico y Trinidad.<\/p><p>Se puede encontrar m\u00e1s informaci\u00f3n sobre la historia de la tradici\u00f3n misionera carmelitana en el interior de muchos de los vol\u00famenes de la Colecci\u00f3n Carmelitana.<\/p>\t\t\t\t\t\t\t\t<\/div>\n\t\t\t\t<\/div>\n\t\t\t\t\t<\/div>\n\t\t<\/div>\n\t\t\t\t<div class=\"elementor-column elementor-col-50 elementor-top-column elementor-element elementor-element-a7f0acf\" data-id=\"a7f0acf\" data-element_type=\"column\" data-e-type=\"column\">\n\t\t\t<div class=\"elementor-widget-wrap elementor-element-populated\">\n\t\t\t\t\t\t<div class=\"elementor-element elementor-element-c278075 elementor-arrows-position-inside elementor-widget elementor-widget-image-carousel\" data-id=\"c278075\" data-element_type=\"widget\" data-e-type=\"widget\" data-settings=\"{&quot;slides_to_show&quot;:&quot;1&quot;,&quot;navigation&quot;:&quot;arrows&quot;,&quot;effect&quot;:&quot;fade&quot;,&quot;speed&quot;:1500,&quot;autoplay&quot;:&quot;yes&quot;,&quot;pause_on_hover&quot;:&quot;yes&quot;,&quot;pause_on_interaction&quot;:&quot;yes&quot;,&quot;autoplay_speed&quot;:5000,&quot;infinite&quot;:&quot;yes&quot;}\" data-widget_type=\"image-carousel.default\">\n\t\t\t\t<div class=\"elementor-widget-container\">\n\t\t\t\t\t\t\t<div class=\"elementor-image-carousel-wrapper swiper\" role=\"region\" aria-roledescription=\"carousel\" aria-label=\"Carrusel de im\u00e1genes\" dir=\"ltr\">\n\t\t\t<div class=\"elementor-image-carousel swiper-wrapper\" aria-live=\"off\">\n\t\t\t\t\t\t\t\t<div class=\"swiper-slide\" role=\"group\" aria-roledescription=\"slide\" aria-label=\"1 de 6\"><a data-elementor-open-lightbox=\"yes\" data-elementor-lightbox-slideshow=\"c278075\" data-e-action-hash=\"#elementor-action%3Aaction%3Dlightbox%26settings%3DeyJpZCI6NDg3LCJ1cmwiOiJodHRwczpcL1wvY2FybWVsaXRhbmFjb2xsZWN0aW9uLm9yZ1wvd3AtY29udGVudFwvdXBsb2Fkc1wvMjAyM1wvMDhcL1dGSF9kb29yLmpwZyIsInNsaWRlc2hvdyI6ImMyNzgwNzUifQ%3D%3D\" href=\"https:\/\/carmelitanacollection.org\/wp-content\/uploads\/2023\/08\/WFH_door.jpg\"><figure class=\"swiper-slide-inner\"><img decoding=\"async\" class=\"swiper-slide-image\" src=\"https:\/\/carmelitanacollection.org\/wp-content\/uploads\/2023\/08\/WFH_door.jpg\" alt=\"WFH_door\" \/><\/figure><\/a><\/div><div class=\"swiper-slide\" role=\"group\" aria-roledescription=\"slide\" aria-label=\"2 de 6\"><a data-elementor-open-lightbox=\"yes\" data-elementor-lightbox-slideshow=\"c278075\" data-e-action-hash=\"#elementor-action%3Aaction%3Dlightbox%26settings%3DeyJpZCI6NDg5LCJ1cmwiOiJodHRwczpcL1wvY2FybWVsaXRhbmFjb2xsZWN0aW9uLm9yZ1wvd3AtY29udGVudFwvdXBsb2Fkc1wvMjAyM1wvMDhcL1dGSGV4dC5qcGciLCJzbGlkZXNob3ciOiJjMjc4MDc1In0%3D\" href=\"https:\/\/carmelitanacollection.org\/wp-content\/uploads\/2023\/08\/WFHext.jpg\"><figure class=\"swiper-slide-inner\"><img decoding=\"async\" class=\"swiper-slide-image\" src=\"https:\/\/carmelitanacollection.org\/wp-content\/uploads\/2023\/08\/WFHext.jpg\" alt=\"WFHext\" \/><\/figure><\/a><\/div><div class=\"swiper-slide\" role=\"group\" aria-roledescription=\"slide\" aria-label=\"3 de 6\"><a data-elementor-open-lightbox=\"yes\" data-elementor-lightbox-slideshow=\"c278075\" data-e-action-hash=\"#elementor-action%3Aaction%3Dlightbox%26settings%3DeyJpZCI6NDg4LCJ1cmwiOiJodHRwczpcL1wvY2FybWVsaXRhbmFjb2xsZWN0aW9uLm9yZ1wvd3AtY29udGVudFwvdXBsb2Fkc1wvMjAyM1wvMDhcL1dGSGNoYXBlbC5qcGciLCJzbGlkZXNob3ciOiJjMjc4MDc1In0%3D\" href=\"https:\/\/carmelitanacollection.org\/wp-content\/uploads\/2023\/08\/WFHchapel.jpg\"><figure class=\"swiper-slide-inner\"><img decoding=\"async\" class=\"swiper-slide-image\" src=\"https:\/\/carmelitanacollection.org\/wp-content\/uploads\/2023\/08\/WFHchapel.jpg\" alt=\"WFHchapel\" \/><\/figure><\/a><\/div><div class=\"swiper-slide\" role=\"group\" aria-roledescription=\"slide\" aria-label=\"4 de 6\"><a data-elementor-open-lightbox=\"yes\" data-elementor-lightbox-slideshow=\"c278075\" data-e-action-hash=\"#elementor-action%3Aaction%3Dlightbox%26settings%3DeyJpZCI6NDkxLCJ1cmwiOiJodHRwczpcL1wvY2FybWVsaXRhbmFjb2xsZWN0aW9uLm9yZ1wvd3AtY29udGVudFwvdXBsb2Fkc1wvMjAyM1wvMDhcL1dGSHR1bGlwcy5qcGciLCJzbGlkZXNob3ciOiJjMjc4MDc1In0%3D\" href=\"https:\/\/carmelitanacollection.org\/wp-content\/uploads\/2023\/08\/WFHtulips.jpg\"><figure class=\"swiper-slide-inner\"><img decoding=\"async\" class=\"swiper-slide-image\" src=\"https:\/\/carmelitanacollection.org\/wp-content\/uploads\/2023\/08\/WFHtulips.jpg\" alt=\"WFHtulips\" \/><\/figure><\/a><\/div><div class=\"swiper-slide\" role=\"group\" aria-roledescription=\"slide\" aria-label=\"5 de 6\"><a data-elementor-open-lightbox=\"yes\" data-elementor-lightbox-slideshow=\"c278075\" data-e-action-hash=\"#elementor-action%3Aaction%3Dlightbox%26settings%3DeyJpZCI6NDkwLCJ1cmwiOiJodHRwczpcL1wvY2FybWVsaXRhbmFjb2xsZWN0aW9uLm9yZ1wvd3AtY29udGVudFwvdXBsb2Fkc1wvMjAyM1wvMDhcL1dGSHRhbGsuanBnIiwic2xpZGVzaG93IjoiYzI3ODA3NSJ9\" href=\"https:\/\/carmelitanacollection.org\/wp-content\/uploads\/2023\/08\/WFHtalk.jpg\"><figure class=\"swiper-slide-inner\"><img decoding=\"async\" class=\"swiper-slide-image\" src=\"https:\/\/carmelitanacollection.org\/wp-content\/uploads\/2023\/08\/WFHtalk.jpg\" alt=\"WFHtalk\" \/><\/figure><\/a><\/div><div class=\"swiper-slide\" role=\"group\" aria-roledescription=\"slide\" aria-label=\"6 de 6\"><a data-elementor-open-lightbox=\"yes\" data-elementor-lightbox-slideshow=\"c278075\" data-e-action-hash=\"#elementor-action%3Aaction%3Dlightbox%26settings%3DeyJpZCI6NzMyLCJ1cmwiOiJodHRwczpcL1wvY2FybWVsaXRhbmFjb2xsZWN0aW9uLm9yZ1wvd3AtY29udGVudFwvdXBsb2Fkc1wvMjAyNFwvMDFcL1dGSC0xMDAweDcxNS0xLnBuZyIsInNsaWRlc2hvdyI6ImMyNzgwNzUifQ%3D%3D\" href=\"https:\/\/carmelitanacollection.org\/wp-content\/uploads\/2024\/01\/WFH-1000x715-1.png\"><figure class=\"swiper-slide-inner\"><img decoding=\"async\" class=\"swiper-slide-image\" src=\"https:\/\/carmelitanacollection.org\/wp-content\/uploads\/2024\/01\/WFH-1000x715-1.png\" alt=\"WFH-1000x715\" \/><\/figure><\/a><\/div>\t\t\t<\/div>\n\t\t\t\t\t\t\t\t\t\t\t\t<div class=\"elementor-swiper-button elementor-swiper-button-prev\" role=\"button\" tabindex=\"0\">\n\t\t\t\t\t\t<i aria-hidden=\"true\" class=\"eicon-chevron-left\"><\/i>\t\t\t\t\t<\/div>\n\t\t\t\t\t<div class=\"elementor-swiper-button elementor-swiper-button-next\" role=\"button\" tabindex=\"0\">\n\t\t\t\t\t\t<i aria-hidden=\"true\" class=\"eicon-chevron-right\"><\/i>\t\t\t\t\t<\/div>\n\t\t\t\t\n\t\t\t\t\t\t\t\t\t<\/div>\n\t\t\t\t\t\t<\/div>\n\t\t\t\t<\/div>\n\t\t\t\t<div class=\"elementor-element elementor-element-3f262fd elementor-widget elementor-widget-text-editor\" data-id=\"3f262fd\" data-element_type=\"widget\" data-e-type=\"widget\" data-widget_type=\"text-editor.default\">\n\t\t\t\t<div class=\"elementor-widget-container\">\n\t\t\t\t\t\t\t\t\t<p>WHITEFRIARS HALL<\/p>\t\t\t\t\t\t\t\t<\/div>\n\t\t\t\t<\/div>\n\t\t\t\t<div class=\"elementor-element elementor-element-f934f60 elementor-widget elementor-widget-text-editor\" data-id=\"f934f60\" data-element_type=\"widget\" data-e-type=\"widget\" data-widget_type=\"text-editor.default\">\n\t\t\t\t<div class=\"elementor-widget-container\">\n\t\t\t\t\t\t\t\t\t<p><span style=\"color: var( --e-global-color-text ); font-family: var( --e-global-typography-text-font-family ), Sans-serif; font-size: var( --e-global-typography-text-font-size ); font-weight: var( --e-global-typography-text-font-weight );\">La Colecci\u00f3n Carmelitana, perteneciente a la Provincia Carmelita del Pur\u00edsimo Coraz\u00f3n de Mar\u00eda, se encuentra en Whitefriars Hall, un bello edificio georgiano que sirve de sede a la Comunidad Carmelita en el noreste de Washington, D.C.<\/span><\/p><p>La comunidad carmelita de Whitefriars Hall est\u00e1 muy cerca de la Bas\u00edlica del Santuario Nacional de la Inmaculada Concepci\u00f3n y de muchas otras casas religiosas. Los frailes estudiantes de la Provincia del Pur\u00edsimo Coraz\u00f3n de Mar\u00eda y de la Provincia de San El\u00edas viven y rezan aqu\u00ed mientras estudian teolog\u00eda en la Universidad Cat\u00f3lica de Am\u00e9rica y completan su formaci\u00f3n inicial en la orden. Los miembros de la Comunidad Carmelita proceden de diversos or\u00edgenes \u00e9tnicos y culturales.<\/p><p>La biblioteca est\u00e1 a s\u00f3lo unos minutos de la Universidad Cat\u00f3lica y es f\u00e1cilmente accesible para los estudiantes de m\u00e1s de una docena de universidades y facultades, as\u00ed como de numerosos centros teol\u00f3gicos de la zona metropolitana de Washington D.C.<\/p>\t\t\t\t\t\t\t\t<\/div>\n\t\t\t\t<\/div>\n\t\t\t\t\t<\/div>\n\t\t<\/div>\n\t\t\t\t\t<\/div>\n\t\t<\/section>\n\t\t\t\t<\/div>","protected":false},"excerpt":{"rendered":"<p>The Carmelitana Collection at Whitefriars Hall HISTORY OF THE LIBRARY The Carmelitana Collection was established after the Second World War in 1948 by Fr. Joachim Smet, O.Carm., to provide a North American site corresponding to the principal library of the Carmelite Order, which is located at the International Study Center in Rome. In subsequent years, [&hellip;]<\/p>\n","protected":false},"author":3,"featured_media":0,"parent":0,"menu_order":0,"comment_status":"closed","ping_status":"closed","template":"","meta":{"_analytify_skip_tracking":false,"footnotes":""},"class_list":["post-23","page","type-page","status-publish","hentry"],"aioseo_notices":[],"_links":{"self":[{"href":"https:\/\/carmelitanacollection.org\/es\/wp-json\/wp\/v2\/pages\/23","targetHints":{"allow":["GET"]}}],"collection":[{"href":"https:\/\/carmelitanacollection.org\/es\/wp-json\/wp\/v2\/pages"}],"about":[{"href":"https:\/\/carmelitanacollection.org\/es\/wp-json\/wp\/v2\/types\/page"}],"author":[{"embeddable":true,"href":"https:\/\/carmelitanacollection.org\/es\/wp-json\/wp\/v2\/users\/3"}],"replies":[{"embeddable":true,"href":"https:\/\/carmelitanacollection.org\/es\/wp-json\/wp\/v2\/comments?post=23"}],"version-history":[{"count":20,"href":"https:\/\/carmelitanacollection.org\/es\/wp-json\/wp\/v2\/pages\/23\/revisions"}],"predecessor-version":[{"id":1731,"href":"https:\/\/carmelitanacollection.org\/es\/wp-json\/wp\/v2\/pages\/23\/revisions\/1731"}],"wp:attachment":[{"href":"https:\/\/carmelitanacollection.org\/es\/wp-json\/wp\/v2\/media?parent=23"}],"curies":[{"name":"wp","href":"https:\/\/api.w.org\/{rel}","templated":true}]}}