{"id":21,"date":"2023-04-28T23:42:54","date_gmt":"2023-04-28T23:42:54","guid":{"rendered":"http:\/\/box5119.temp.domains\/~carmelk4\/?page_id=21"},"modified":"2024-10-25T19:36:02","modified_gmt":"2024-10-25T19:36:02","slug":"home-2","status":"publish","type":"page","link":"https:\/\/carmelitanacollection.org\/es\/","title":{"rendered":"Inicio"},"content":{"rendered":"<div data-elementor-type=\"wp-page\" data-elementor-id=\"21\" class=\"elementor elementor-21\" data-elementor-post-type=\"page\">\n\t\t\t\t\t\t<section class=\"elementor-section elementor-top-section elementor-element elementor-element-28014d2 elementor-section-boxed elementor-section-height-default elementor-section-height-default\" data-id=\"28014d2\" data-element_type=\"section\" data-e-type=\"section\">\n\t\t\t\t\t\t<div class=\"elementor-container elementor-column-gap-default\">\n\t\t\t\t\t<div class=\"elementor-column elementor-col-100 elementor-top-column elementor-element elementor-element-3055a9d\" data-id=\"3055a9d\" data-element_type=\"column\" data-e-type=\"column\">\n\t\t\t<div class=\"elementor-widget-wrap elementor-element-populated\">\n\t\t\t\t\t\t<div class=\"elementor-element elementor-element-fa4b320 elementor-widget elementor-widget-heading\" data-id=\"fa4b320\" data-element_type=\"widget\" data-e-type=\"widget\" data-widget_type=\"heading.default\">\n\t\t\t\t<div class=\"elementor-widget-container\">\n\t\t\t\t\t<h2 class=\"elementor-heading-title elementor-size-default\">Bienvenido a la colecci\u00f3n Carmelitana<\/h2>\t\t\t\t<\/div>\n\t\t\t\t<\/div>\n\t\t\t\t\t<\/div>\n\t\t<\/div>\n\t\t\t\t\t<\/div>\n\t\t<\/section>\n\t\t\t\t<section class=\"elementor-section elementor-top-section elementor-element elementor-element-837abbb elementor-section-height-min-height elementor-section-items-stretch elementor-section-boxed elementor-section-height-default\" data-id=\"837abbb\" data-element_type=\"section\" data-e-type=\"section\">\n\t\t\t\t\t\t<div class=\"elementor-container elementor-column-gap-default\">\n\t\t\t\t\t<div class=\"elementor-column elementor-col-50 elementor-top-column elementor-element elementor-element-19f820c\" data-id=\"19f820c\" data-element_type=\"column\" data-e-type=\"column\">\n\t\t\t<div class=\"elementor-widget-wrap elementor-element-populated\">\n\t\t\t\t\t\t<section class=\"elementor-section elementor-inner-section elementor-element elementor-element-a283441 elementor-section-boxed elementor-section-height-default elementor-section-height-default\" data-id=\"a283441\" data-element_type=\"section\" data-e-type=\"section\">\n\t\t\t\t\t\t<div class=\"elementor-container elementor-column-gap-default\">\n\t\t\t\t\t<div class=\"elementor-column elementor-col-50 elementor-inner-column elementor-element elementor-element-cf057c4\" data-id=\"cf057c4\" data-element_type=\"column\" data-e-type=\"column\">\n\t\t\t<div class=\"elementor-widget-wrap elementor-element-populated\">\n\t\t\t\t\t\t<div class=\"elementor-element elementor-element-7c7b2b2 elementor-widget elementor-widget-text-editor\" data-id=\"7c7b2b2\" data-element_type=\"widget\" data-e-type=\"widget\" data-widget_type=\"text-editor.default\">\n\t\t\t\t<div class=\"elementor-widget-container\">\n\t\t\t\t\t\t\t\t\t<p><span style=\"color: var( --e-global-color-text ); font-family: var( --e-global-typography-text-font-family ), Sans-serif; font-size: var( --e-global-typography-text-font-size ); font-weight: var( --e-global-typography-text-font-weight );\">La Colecci\u00f3n Carmelitana, que cuenta en la actualidad con m\u00e1s de 15.000 t\u00edtulos, es una biblioteca de investigaci\u00f3n especializada en literatura relacionada con los estudios carmelitanos, con materiales que datan de finales del siglo XV. Dentro de esta espaciosa y c\u00f3moda biblioteca, los investigadores de todos los campos del estudio religioso encontrar\u00e1n materia sustantiva relevante para la tradici\u00f3n literaria y espiritual de la Orden Carmelita. Recursos sobre la literatura renacentista espa\u00f1ola, los mendicantes medievales, el canto gregoriano, la piedad americana del siglo XIX, la poes\u00eda latina, la predicaci\u00f3n barroca y la fenomenolog\u00eda del siglo XX son f\u00e1cilmente accesibles y est\u00e1n listos para su estudio.  La Colecci\u00f3n tambi\u00e9n incluye art\u00edculos populares relacionados con la espiritualidad carmelita.<\/span><\/p>\t\t\t\t\t\t\t\t<\/div>\n\t\t\t\t<\/div>\n\t\t\t\t\t<\/div>\n\t\t<\/div>\n\t\t\t\t<div class=\"elementor-column elementor-col-50 elementor-inner-column elementor-element elementor-element-00c128a elementor-hidden-mobile\" data-id=\"00c128a\" data-element_type=\"column\" data-e-type=\"column\">\n\t\t\t<div class=\"elementor-widget-wrap elementor-element-populated\">\n\t\t\t\t\t\t<div class=\"elementor-element elementor-element-c362df0 elementor-widget elementor-widget-text-editor\" data-id=\"c362df0\" data-element_type=\"widget\" data-e-type=\"widget\" data-widget_type=\"text-editor.default\">\n\t\t\t\t<div class=\"elementor-widget-container\">\n\t\t\t\t\t\t\t\t\t<p style=\"text-align: center;\">\t\t<div data-elementor-type=\"section\" data-elementor-id=\"393\" class=\"elementor elementor-393\" data-elementor-post-type=\"elementor_library\">\n\t\t\t\t\t<section class=\"elementor-section elementor-top-section elementor-element elementor-element-156ebf5 elementor-section-boxed elementor-section-height-default elementor-section-height-default\" data-id=\"156ebf5\" data-element_type=\"section\" data-e-type=\"section\" id=\"slide-section\">\n\t\t\t\t\t\t<div class=\"elementor-container elementor-column-gap-default\">\n\t\t\t\t\t<div class=\"elementor-column elementor-col-100 elementor-top-column elementor-element elementor-element-ba7194c\" data-id=\"ba7194c\" data-element_type=\"column\" data-e-type=\"column\">\n\t\t\t<div class=\"elementor-widget-wrap elementor-element-populated\">\n\t\t\t\t\t\t<div class=\"elementor-element elementor-element-4839fc0 elementor-widget elementor-widget-image-carousel\" data-id=\"4839fc0\" data-element_type=\"widget\" data-e-type=\"widget\" data-settings=\"{&quot;slides_to_show&quot;:&quot;1&quot;,&quot;navigation&quot;:&quot;none&quot;,&quot;autoplay_speed&quot;:4000,&quot;effect&quot;:&quot;fade&quot;,&quot;speed&quot;:1000,&quot;autoplay&quot;:&quot;yes&quot;,&quot;pause_on_hover&quot;:&quot;yes&quot;,&quot;pause_on_interaction&quot;:&quot;yes&quot;,&quot;infinite&quot;:&quot;yes&quot;}\" data-widget_type=\"image-carousel.default\">\n\t\t\t\t<div class=\"elementor-widget-container\">\n\t\t\t\t\t\t\t<div class=\"elementor-image-carousel-wrapper swiper\" role=\"region\" aria-roledescription=\"carousel\" aria-label=\"Carrusel de im\u00e1genes\" dir=\"ltr\">\n\t\t\t<div class=\"elementor-image-carousel swiper-wrapper\" aria-live=\"off\">\n\t\t\t\t\t\t\t\t<div class=\"swiper-slide\" role=\"group\" aria-roledescription=\"slide\" aria-label=\"1 de 4\"><figure class=\"swiper-slide-inner\"><img decoding=\"async\" class=\"swiper-slide-image\" src=\"http:\/\/carmelitanacollection.org\/wp-content\/uploads\/2025\/02\/Poema.jpg\" alt=\"Poema\" \/><\/figure><\/div><div class=\"swiper-slide\" role=\"group\" aria-roledescription=\"slide\" aria-label=\"2 de 4\"><figure class=\"swiper-slide-inner\"><img decoding=\"async\" class=\"swiper-slide-image\" src=\"http:\/\/carmelitanacollection.org\/wp-content\/uploads\/2024\/02\/vita_effigiata_311.png\" alt=\"Engraving, the Life of Teresa of Avila18th Century\" \/><figcaption class=\"elementor-image-carousel-caption\">Grabado, la Vida de Teresa de \u00c1vila<br>Siglo XVIII<\/figcaption><\/figure><\/div><div class=\"swiper-slide\" role=\"group\" aria-roledescription=\"slide\" aria-label=\"3 de 4\"><figure class=\"swiper-slide-inner\"><img decoding=\"async\" class=\"swiper-slide-image\" src=\"http:\/\/carmelitanacollection.org\/wp-content\/uploads\/2023\/06\/K1M29717-e1686176259566.jpg\" alt=\"Teresa of Avila Poems16th Century\" \/><figcaption class=\"elementor-image-carousel-caption\">Teresa de \u00c1vila Poemas<br>Siglo XVI<\/figcaption><\/figure><\/div><div class=\"swiper-slide\" role=\"group\" aria-roledescription=\"slide\" aria-label=\"4 de 4\"><figure class=\"swiper-slide-inner\"><img decoding=\"async\" class=\"swiper-slide-image\" src=\"http:\/\/carmelitanacollection.org\/wp-content\/uploads\/2023\/06\/K1M29711-e1686176000487.jpg\" alt=\"The Prophet Elijah Detail17th Century\" \/><figcaption class=\"elementor-image-carousel-caption\">El profeta El\u00edas Detalle<br>Siglo XVII<\/figcaption><\/figure><\/div>\t\t\t<\/div>\n\t\t\t\t\t\t\t\n\t\t\t\t\t\t\t\t\t<\/div>\n\t\t\t\t\t\t<\/div>\n\t\t\t\t<\/div>\n\t\t\t\t\t<\/div>\n\t\t<\/div>\n\t\t\t\t\t<\/div>\n\t\t<\/section>\n\t\t\t\t<\/div>\n\t\t<\/p>\t\t\t\t\t\t\t\t<\/div>\n\t\t\t\t<\/div>\n\t\t\t\t\t<\/div>\n\t\t<\/div>\n\t\t\t\t\t<\/div>\n\t\t<\/section>\n\t\t\t\t<section class=\"elementor-section elementor-inner-section elementor-element elementor-element-34e815d elementor-section-boxed elementor-section-height-default elementor-section-height-default\" data-id=\"34e815d\" data-element_type=\"section\" data-e-type=\"section\">\n\t\t\t\t\t\t<div class=\"elementor-container elementor-column-gap-default\">\n\t\t\t\t\t<div class=\"elementor-column elementor-col-100 elementor-inner-column elementor-element elementor-element-c3c6b4c\" data-id=\"c3c6b4c\" data-element_type=\"column\" data-e-type=\"column\">\n\t\t\t<div class=\"elementor-widget-wrap elementor-element-populated\">\n\t\t\t\t\t\t<div class=\"elementor-element elementor-element-cb708eb elementor-widget elementor-widget-text-editor\" data-id=\"cb708eb\" data-element_type=\"widget\" data-e-type=\"widget\" data-widget_type=\"text-editor.default\">\n\t\t\t\t<div class=\"elementor-widget-container\">\n\t\t\t\t\t\t\t\t\t<p><span style=\"color: var( --e-global-color-text ); font-family: var( --e-global-typography-text-font-family ), Sans-serif; font-size: var( --e-global-typography-text-font-size ); font-weight: var( --e-global-typography-text-font-weight );\">La presencia de muchas autoras en la tradici\u00f3n carmelita hace que la biblioteca resulte especialmente atractiva para quienes persiguen un enfoque cr\u00edtico de la espiritualidad desde el punto de vista del g\u00e9nero, incluidas autoras como Teresa de \u00c1vila, Mar\u00eda Magdalena De Pazzi, Cecilia del Nasciemento, Teresa de Lisieux, Isabel de la Trinidad, Edith Stein y Jessica Powers.<\/span><\/p><p>Para m\u00e1s informaci\u00f3n, consulte nuestra <a href=\"http:\/\/76i.fba.mytemp.website\/about\/\">Acerca de<\/a> p\u00e1gina.<\/p><p>Las visitas a la Colecci\u00f3n Carmelitana se realizan \u00fanicamente con cita previa. Concierte una cita a continuaci\u00f3n.<\/p>\t\t\t\t\t\t\t\t<\/div>\n\t\t\t\t<\/div>\n\t\t\t\t\t<\/div>\n\t\t<\/div>\n\t\t\t\t\t<\/div>\n\t\t<\/section>\n\t\t\t\t<div class=\"elementor-element elementor-element-fbec01e elementor-align-center elementor-widget elementor-widget-button\" data-id=\"fbec01e\" data-element_type=\"widget\" data-e-type=\"widget\" data-widget_type=\"button.default\">\n\t\t\t\t<div class=\"elementor-widget-container\">\n\t\t\t\t\t\t\t\t\t<div class=\"elementor-button-wrapper\">\n\t\t\t\t\t<a class=\"elementor-button elementor-button-link elementor-size-sm\" href=\"http:\/\/76i.fba.mytemp.website\/contact\/\">\n\t\t\t\t\t\t<span class=\"elementor-button-content-wrapper\">\n\t\t\t\t\t\t\t\t\t<span class=\"elementor-button-text\">CONCERTAR CITA<\/span>\n\t\t\t\t\t<\/span>\n\t\t\t\t\t<\/a>\n\t\t\t\t<\/div>\n\t\t\t\t\t\t\t\t<\/div>\n\t\t\t\t<\/div>\n\t\t\t\t\t<\/div>\n\t\t<\/div>\n\t\t\t\t<div class=\"elementor-column elementor-col-50 elementor-top-column elementor-element elementor-element-18255e7\" data-id=\"18255e7\" data-element_type=\"column\" data-e-type=\"column\">\n\t\t\t<div class=\"elementor-widget-wrap elementor-element-populated\">\n\t\t\t\t\t\t<div class=\"elementor-element elementor-element-f606b66 elementor-hidden-desktop elementor-widget elementor-widget-text-editor\" data-id=\"f606b66\" data-element_type=\"widget\" data-e-type=\"widget\" data-widget_type=\"text-editor.default\">\n\t\t\t\t<div class=\"elementor-widget-container\">\n\t\t\t\t\t\t\t\t\t<p style=\"text-align: center;\">\t\t<div data-elementor-type=\"section\" data-elementor-id=\"393\" class=\"elementor elementor-393\" data-elementor-post-type=\"elementor_library\">\n\t\t\t\t\t<section class=\"elementor-section elementor-top-section elementor-element elementor-element-156ebf5 elementor-section-boxed elementor-section-height-default elementor-section-height-default\" data-id=\"156ebf5\" data-element_type=\"section\" data-e-type=\"section\" id=\"slide-section\">\n\t\t\t\t\t\t<div class=\"elementor-container elementor-column-gap-default\">\n\t\t\t\t\t<div class=\"elementor-column elementor-col-100 elementor-top-column elementor-element elementor-element-ba7194c\" data-id=\"ba7194c\" data-element_type=\"column\" data-e-type=\"column\">\n\t\t\t<div class=\"elementor-widget-wrap elementor-element-populated\">\n\t\t\t\t\t\t<div class=\"elementor-element elementor-element-4839fc0 elementor-widget elementor-widget-image-carousel\" data-id=\"4839fc0\" data-element_type=\"widget\" data-e-type=\"widget\" data-settings=\"{&quot;slides_to_show&quot;:&quot;1&quot;,&quot;navigation&quot;:&quot;none&quot;,&quot;autoplay_speed&quot;:4000,&quot;effect&quot;:&quot;fade&quot;,&quot;speed&quot;:1000,&quot;autoplay&quot;:&quot;yes&quot;,&quot;pause_on_hover&quot;:&quot;yes&quot;,&quot;pause_on_interaction&quot;:&quot;yes&quot;,&quot;infinite&quot;:&quot;yes&quot;}\" data-widget_type=\"image-carousel.default\">\n\t\t\t\t<div class=\"elementor-widget-container\">\n\t\t\t\t\t\t\t<div class=\"elementor-image-carousel-wrapper swiper\" role=\"region\" aria-roledescription=\"carousel\" aria-label=\"Carrusel de im\u00e1genes\" dir=\"ltr\">\n\t\t\t<div class=\"elementor-image-carousel swiper-wrapper\" aria-live=\"off\">\n\t\t\t\t\t\t\t\t<div class=\"swiper-slide\" role=\"group\" aria-roledescription=\"slide\" aria-label=\"1 de 4\"><figure class=\"swiper-slide-inner\"><img decoding=\"async\" class=\"swiper-slide-image\" src=\"http:\/\/carmelitanacollection.org\/wp-content\/uploads\/2025\/02\/Poema.jpg\" alt=\"Poema\" \/><\/figure><\/div><div class=\"swiper-slide\" role=\"group\" aria-roledescription=\"slide\" aria-label=\"2 de 4\"><figure class=\"swiper-slide-inner\"><img decoding=\"async\" class=\"swiper-slide-image\" src=\"http:\/\/carmelitanacollection.org\/wp-content\/uploads\/2024\/02\/vita_effigiata_311.png\" alt=\"Engraving, the Life of Teresa of Avila18th Century\" \/><figcaption class=\"elementor-image-carousel-caption\">Grabado, la Vida de Teresa de \u00c1vila<br>Siglo XVIII<\/figcaption><\/figure><\/div><div class=\"swiper-slide\" role=\"group\" aria-roledescription=\"slide\" aria-label=\"3 de 4\"><figure class=\"swiper-slide-inner\"><img decoding=\"async\" class=\"swiper-slide-image\" src=\"http:\/\/carmelitanacollection.org\/wp-content\/uploads\/2023\/06\/K1M29717-e1686176259566.jpg\" alt=\"Teresa of Avila Poems16th Century\" \/><figcaption class=\"elementor-image-carousel-caption\">Teresa de \u00c1vila Poemas<br>Siglo XVI<\/figcaption><\/figure><\/div><div class=\"swiper-slide\" role=\"group\" aria-roledescription=\"slide\" aria-label=\"4 de 4\"><figure class=\"swiper-slide-inner\"><img decoding=\"async\" class=\"swiper-slide-image\" src=\"http:\/\/carmelitanacollection.org\/wp-content\/uploads\/2023\/06\/K1M29711-e1686176000487.jpg\" alt=\"The Prophet Elijah Detail17th Century\" \/><figcaption class=\"elementor-image-carousel-caption\">El profeta El\u00edas Detalle<br>Siglo XVII<\/figcaption><\/figure><\/div>\t\t\t<\/div>\n\t\t\t\t\t\t\t\n\t\t\t\t\t\t\t\t\t<\/div>\n\t\t\t\t\t\t<\/div>\n\t\t\t\t<\/div>\n\t\t\t\t\t<\/div>\n\t\t<\/div>\n\t\t\t\t\t<\/div>\n\t\t<\/section>\n\t\t\t\t<\/div>\n\t\t<\/p>\t\t\t\t\t\t\t\t<\/div>\n\t\t\t\t<\/div>\n\t\t\t\t<div class=\"elementor-element elementor-element-ad6ba90 elementor-widget elementor-widget-text-editor\" data-id=\"ad6ba90\" data-element_type=\"widget\" data-e-type=\"widget\" data-widget_type=\"text-editor.default\">\n\t\t\t\t<div class=\"elementor-widget-container\">\n\t\t\t\t\t\t\t\t\t<p>RECURSOS BIBLIOTECARIOS<\/p>\t\t\t\t\t\t\t\t<\/div>\n\t\t\t\t<\/div>\n\t\t\t\t<div class=\"elementor-element elementor-element-3918773 elementor-widget elementor-widget-text-editor\" data-id=\"3918773\" data-element_type=\"widget\" data-e-type=\"widget\" data-widget_type=\"text-editor.default\">\n\t\t\t\t<div class=\"elementor-widget-container\">\n\t\t\t\t\t\t\t\t\t<p><span style=\"color: var( --e-global-color-text ); font-family: var( --e-global-typography-text-font-family ), Sans-serif; font-size: var( --e-global-typography-text-font-size ); font-weight: var( --e-global-typography-text-font-weight );\">Libros, libros escaneados, microfilmes, publicaciones peri\u00f3dicas y otros art\u00edculos <\/span><span style=\"color: var( --e-global-color-text ); font-family: var( --e-global-typography-text-font-family ), Sans-serif; font-size: var( --e-global-typography-text-font-size ); font-weight: var( --e-global-typography-text-font-weight );\">relacionados con la espiritualidad y la literatura carmelitas, entre ellos:<\/span><\/p><ul><li><span style=\"background-color: transparent; color: var( --e-global-color-text ); font-family: var( --e-global-typography-text-font-family ), Sans-serif; font-weight: var( --e-global-typography-text-font-weight );\">Recursos sobre liturgia medieval y canto gregoriano.<\/span><\/li><li>Literatura carmelita y renacentista espa\u00f1ola.<\/li><li>Peri\u00f3dicos carmelitas de todo el mundo, incluyendo <em>La Espada<\/em>, <em>Revista del Carmelo<\/em>, <em>Carmelus<\/em>, <em>Vida espiritual<\/em>y <em>Estudios sobre espiritualidad<\/em>.<\/li><li>Obras teol\u00f3gicas de eruditos carmelitas de siglos anteriores como John Baconthorpe, Thomas Netter, Arnold Bostius, Miguel de San Agust\u00edn y otros.<\/li><li>Publicaciones recientes sobre temas carmelitas, incluidos estudios y actas de conferencias sobre Edith Stein.<\/li><\/ul>\t\t\t\t\t\t\t\t<\/div>\n\t\t\t\t<\/div>\n\t\t\t\t<div class=\"elementor-element elementor-element-abd9b34 elementor-widget elementor-widget-image\" data-id=\"abd9b34\" data-element_type=\"widget\" data-e-type=\"widget\" data-widget_type=\"image.default\">\n\t\t\t\t<div class=\"elementor-widget-container\">\n\t\t\t\t\t\t\t\t\t\t\t\t\t\t\t<img fetchpriority=\"high\" decoding=\"async\" width=\"800\" height=\"534\" src=\"http:\/\/carmelitanacollection.org\/wp-content\/uploads\/2023\/12\/student-dimas-2.jpg\" class=\"attachment-large size-large wp-image-683\" alt=\"\" srcset=\"http:\/\/carmelitanacollection.org\/wp-content\/uploads\/2023\/12\/student-dimas-2.jpg 1000w, http:\/\/carmelitanacollection.org\/wp-content\/uploads\/2023\/12\/student-dimas-2-300x200.jpg 300w, http:\/\/carmelitanacollection.org\/wp-content\/uploads\/2023\/12\/student-dimas-2-768x512.jpg 768w\" sizes=\"(max-width: 800px) 100vw, 800px\" \/>\t\t\t\t\t\t\t\t\t\t\t\t\t\t\t<\/div>\n\t\t\t\t<\/div>\n\t\t\t\t\t<\/div>\n\t\t<\/div>\n\t\t\t\t\t<\/div>\n\t\t<\/section>\n\t\t\t\t<\/div>","protected":false},"excerpt":{"rendered":"<p>Welcome to the Carmelitana Collection The Carmelitana Collection, now holding over 15,000 titles, is a research library specializing in literature pertaining to Carmelite studies with materials dating as far as the late 15th century. Inside this spacious and comfortable library, researchers from all fields of religious study will find substantive matter relevant to the literary [&hellip;]<\/p>\n","protected":false},"author":3,"featured_media":0,"parent":0,"menu_order":0,"comment_status":"closed","ping_status":"closed","template":"","meta":{"_analytify_skip_tracking":false,"footnotes":""},"class_list":["post-21","page","type-page","status-publish","hentry"],"aioseo_notices":[],"_links":{"self":[{"href":"https:\/\/carmelitanacollection.org\/es\/wp-json\/wp\/v2\/pages\/21","targetHints":{"allow":["GET"]}}],"collection":[{"href":"https:\/\/carmelitanacollection.org\/es\/wp-json\/wp\/v2\/pages"}],"about":[{"href":"https:\/\/carmelitanacollection.org\/es\/wp-json\/wp\/v2\/types\/page"}],"author":[{"embeddable":true,"href":"https:\/\/carmelitanacollection.org\/es\/wp-json\/wp\/v2\/users\/3"}],"replies":[{"embeddable":true,"href":"https:\/\/carmelitanacollection.org\/es\/wp-json\/wp\/v2\/comments?post=21"}],"version-history":[{"count":21,"href":"https:\/\/carmelitanacollection.org\/es\/wp-json\/wp\/v2\/pages\/21\/revisions"}],"predecessor-version":[{"id":1682,"href":"https:\/\/carmelitanacollection.org\/es\/wp-json\/wp\/v2\/pages\/21\/revisions\/1682"}],"wp:attachment":[{"href":"https:\/\/carmelitanacollection.org\/es\/wp-json\/wp\/v2\/media?parent=21"}],"curies":[{"name":"wp","href":"https:\/\/api.w.org\/{rel}","templated":true}]}}