{"id":1337,"date":"2024-04-26T14:58:43","date_gmt":"2024-04-26T14:58:43","guid":{"rendered":"http:\/\/box5119.temp.domains\/~carmelk4\/?page_id=1337"},"modified":"2026-05-14T00:35:35","modified_gmt":"2026-05-14T00:35:35","slug":"book-of-hours","status":"publish","type":"page","link":"https:\/\/carmelitanacollection.org\/es\/book-of-hours\/","title":{"rendered":"Libro de Horas"},"content":{"rendered":"<div data-elementor-type=\"wp-page\" data-elementor-id=\"1337\" class=\"elementor elementor-1337\" data-elementor-post-type=\"page\">\n\t\t\t\t\t\t<section class=\"elementor-section elementor-top-section elementor-element elementor-element-b7124f9 elementor-section-boxed elementor-section-height-default elementor-section-height-default\" data-id=\"b7124f9\" data-element_type=\"section\" data-e-type=\"section\">\n\t\t\t\t\t\t<div class=\"elementor-container elementor-column-gap-default\">\n\t\t\t\t\t<div class=\"elementor-column elementor-col-100 elementor-top-column elementor-element elementor-element-c730f95\" data-id=\"c730f95\" data-element_type=\"column\" data-e-type=\"column\">\n\t\t\t<div class=\"elementor-widget-wrap elementor-element-populated\">\n\t\t\t\t\t\t<div class=\"elementor-element elementor-element-5f8494f elementor-widget elementor-widget-heading\" data-id=\"5f8494f\" data-element_type=\"widget\" data-e-type=\"widget\" data-widget_type=\"heading.default\">\n\t\t\t\t<div class=\"elementor-widget-container\">\n\t\t\t\t\t<h2 class=\"elementor-heading-title elementor-size-default\">Libro de Horas<\/h2>\t\t\t\t<\/div>\n\t\t\t\t<\/div>\n\t\t\t\t<div class=\"elementor-element elementor-element-ec7df0b elementor-widget elementor-widget-text-editor\" data-id=\"ec7df0b\" data-element_type=\"widget\" data-e-type=\"widget\" data-widget_type=\"text-editor.default\">\n\t\t\t\t<div class=\"elementor-widget-container\">\n\t\t\t\t\t\t\t\t\t<p>Horae beatae Mariae virginis : manuscrito. Brujas, finales del siglo XV.<br><span style=\"color: var( --e-global-color-text );\">Atribuido a la escuela de iluminaci\u00f3n de Gante-Brujas. En lat\u00edn y neerland\u00e9s, manuscrito sobre vitela.<br><\/span><span style=\"color: var( --e-global-color-text );\">Contiene un calendario lit\u00fargico, lecciones evang\u00e9licas, horas de la virgen, salmos, oficio de difuntos, sufragios y oraciones diversas.&nbsp;<br><\/span><span style=\"color: var( --e-global-color-text );\">Reproducci\u00f3n: \u00a9Carmelitana Collection, Washington, D.C., 2007.<\/span><\/p>\t\t\t\t\t\t\t\t<\/div>\n\t\t\t\t<\/div>\n\t\t\t\t<div class=\"elementor-element elementor-element-be79723 elementor-widget elementor-widget-text-editor\" data-id=\"be79723\" data-element_type=\"widget\" data-e-type=\"widget\" data-widget_type=\"text-editor.default\">\n\t\t\t\t<div class=\"elementor-widget-container\">\n\t\t\t\t\t\t\t\t\t<p>\n\t\t<div class=\"wppdfemb-frame-container-1\" style=\"-webkit-overflow-scrolling:auto;\">\n\t\t\t<iframe class=\"pdfembed-iframe nonfullscreen wppdf-emb-iframe-1\"\n\t\t\t\tsrc=\"https:\/\/carmelitanacollection.org\/es\/?pdfemb-data=eyJ1cmwiOiJodHRwczpcL1wvY2FybWVsaXRhbmFjb2xsZWN0aW9uLm9yZ1wvXC93cC1jb250ZW50XC91cGxvYWRzXC8yMDI0XC8wNFwvQm9vay1PZi1Ib3Vycy1yZWR1Y2VkLnBkZiIsInRpdGxlIjoiQm9vayBPZiBIb3Vycy1yZWR1Y2VkIiwiaW5kZXgiOjEsInBkZklEIjowfQ\"\n\t\t\t\ttitle=\"Libro de Horas reducido\"\t\t\t\tdata-pdf-id=\"0\"\n\t\t\t\tdata-pdf-index=\"1\"\n\t\t\t\tstyle=\"border:none;width:100%;max-width:100%;height:100vh;\"\n\t\t\t\tscrolling=\"yes\">\n\t\t\t<\/iframe>\n\t\t<\/div>\n\n\t\t<\/p>\t\t\t\t\t\t\t\t<\/div>\n\t\t\t\t<\/div>\n\t\t\t\t\t<\/div>\n\t\t<\/div>\n\t\t\t\t\t<\/div>\n\t\t<\/section>\n\t\t\t\t<\/div>","protected":false},"excerpt":{"rendered":"<p>Libro de horas Horae beatae Mariae virginis : manuscrito. Atribuido a la escuela de iluminaci\u00f3n de Gante-Brujas. Contiene un calendario lit\u00fargico, lecciones evang\u00e9licas, horas de la Virgen, salmos, oficio de difuntos, sufragios y oraciones diversas. Reproducci\u00f3n: \u00a9Carmelitana Collection, Washington, D.C., 2007.<\/p>","protected":false},"author":3,"featured_media":0,"parent":0,"menu_order":0,"comment_status":"closed","ping_status":"closed","template":"","meta":{"_analytify_skip_tracking":false,"footnotes":""},"class_list":["post-1337","page","type-page","status-publish","hentry"],"aioseo_notices":[],"_links":{"self":[{"href":"https:\/\/carmelitanacollection.org\/es\/wp-json\/wp\/v2\/pages\/1337","targetHints":{"allow":["GET"]}}],"collection":[{"href":"https:\/\/carmelitanacollection.org\/es\/wp-json\/wp\/v2\/pages"}],"about":[{"href":"https:\/\/carmelitanacollection.org\/es\/wp-json\/wp\/v2\/types\/page"}],"author":[{"embeddable":true,"href":"https:\/\/carmelitanacollection.org\/es\/wp-json\/wp\/v2\/users\/3"}],"replies":[{"embeddable":true,"href":"https:\/\/carmelitanacollection.org\/es\/wp-json\/wp\/v2\/comments?post=1337"}],"version-history":[{"count":19,"href":"https:\/\/carmelitanacollection.org\/es\/wp-json\/wp\/v2\/pages\/1337\/revisions"}],"predecessor-version":[{"id":3001,"href":"https:\/\/carmelitanacollection.org\/es\/wp-json\/wp\/v2\/pages\/1337\/revisions\/3001"}],"wp:attachment":[{"href":"https:\/\/carmelitanacollection.org\/es\/wp-json\/wp\/v2\/media?parent=1337"}],"curies":[{"name":"wp","href":"https:\/\/api.w.org\/{rel}","templated":true}]}}